{"id":7991,"date":"2019-01-21T12:20:12","date_gmt":"2019-01-21T12:20:12","guid":{"rendered":"https:\/\/acfinnove.com\/certificados-de-profesionalidad-online\/"},"modified":"2019-07-24T09:56:47","modified_gmt":"2019-07-24T09:56:47","slug":"certificados-de-profesionalidad-online","status":"publish","type":"page","link":"https:\/\/acfinnove.com\/en\/online-certificates-of-professional-standards\/","title":{"rendered":"Online certificates of professional standards"},"content":{"rendered":"<div class=\"wpb-content-wrapper\">[vc_row full_width=&#8221;stretch_row&#8221; parallax_style=&#8221;vcpb-default&#8221; wpex_bg_overlay=&#8221;dark&#8221; bg_type=&#8221;image&#8221; bg_image_new=&#8221;id^946|url^http:\/\/acfinnove.com\/wp-content\/uploads\/2019\/01\/certificados-acf.jpg|caption^null|alt^null|title^certificados-acf|description^null&#8221; bg_image_repeat=&#8221;no-repeat&#8221; bg_override=&#8221;ex-full&#8221; wpex_bg_overlay_color=&#8221;#000000&#8243; wpex_bg_overlay_opacity=&#8221;0.25&#8243; min_height=&#8221;650&#8243;][vc_column]<div class=\"vcex-spacing\" style=\"height:50px\"><\/div><h1 class=\"vcex-module vcex-heading vcex-heading-plain\" style=\"color:#ffffff;font-family:Bree Serif;font-size:60px;line-height:60px;\"><span class=\"vcex-heading-inner clr\">Online certificates<br \/>\nof professional standards<\/span><\/h1><div class=\"vcex-spacing\" style=\"height:10px\"><\/div><span class=\"vcex-module vcex-heading vcex-heading-plain vc_custom_1563878076884\" style=\"color:#ffffff;font-family:Bree Serif;font-size:30px;\"><span class=\"vcex-heading-inner clr\">ACF Innove offers training through e-learning<\/span><\/span>[\/vc_column][\/vc_row][vc_row full_width=&#8221;stretch_row&#8221; css=&#8221;.vc_custom_1547632628501{background-color: #eaeaea !important;}&#8221;][vc_column]<div class=\"vcex-spacing\" style=\"height:30px\"><\/div><h2 class=\"vcex-module vcex-heading vcex-heading-plain\" style=\"color:#ea5e09;font-size:40px;text-align:center;\"><span class=\"vcex-heading-inner clr\">ONLINE CERTIFICATES OF PROFESSIONAL STANDARDS<\/span><\/h2><div class=\"vcex-module vcex-heading vcex-heading-plain\" style=\"color:#ea5e09;font-size:30px;text-align:center;\"><span class=\"vcex-heading-inner clr\">We offer training through e-learning<\/span><\/div>[vc_row_inner gap=&#8221;10&#8243;][vc_column_inner width=&#8221;1\/6&#8243;][\/vc_column_inner][vc_column_inner width=&#8221;2\/3&#8243;][vc_column_text text_align=&#8221;center&#8221;]Using a method based on educational psychology, we provide first-rate training with all of the necessary technology, carefully-selected and prepared content and a tutoring system of the highest calibre.<\/p>\n<p>Our platform complies with SEPE requirements to award certificates of professional standards via e-learning.<\/p>\n<p>Students must enrol on subsidised courses using the appropriate means where the courses were published. This enrolment does not substitute the official channel established by the competent Administration in each case. Enrolment via this channel is reserved exclusively for private training.[\/vc_column_text]<div class=\"vcex-spacing\" style=\"height:50px\"><\/div><div class=\"textcenter theme-button-expanded-wrap theme-button-wrap clr\"><a href=\"https:\/\/aragoncf.mantia.es\/login\/index.php\" class=\"vcex-button theme-button outline green align-center expanded animate-on-hover expanded\" target=\"_blank\" style=\"background:#87bf17;padding:15px;color:#ffffff;border:1px;font-size:15px;font-weight:300;font-family:Bree Serif;border-color:#ffffff;\" data-wpex-hover='{\"background\":\"#73ad00\"}'><span class=\"theme-button-inner\">ACCESS THE ONLINE TRAINING PLATFORM<\/span><\/a><\/div> [\/vc_column_inner][vc_column_inner width=&#8221;1\/6&#8243;][\/vc_column_inner][\/vc_row_inner]<div class=\"vcex-spacing\" style=\"height:30px\"><\/div>[\/vc_column][\/vc_row][vc_row full_width=&#8221;stretch_row&#8221; css=&#8221;.vc_custom_1548261186859{padding-top: 40px !important;background-image: url(http:\/\/acfinnove.com\/wp-content\/uploads\/2019\/01\/slider-contacta.jpg?id=950) !important;background-position: center !important;background-repeat: no-repeat !important;background-size: cover !important;}&#8221;][vc_column]<div class=\"vcex-spacing\" style=\"height:80px\"><\/div>[vc_row_inner][vc_column_inner width=&#8221;2\/3&#8243;]<h2 class=\"vcex-module vcex-heading vcex-heading-plain\" style=\"color:#ffffff;font-size:40px;text-align:left;\"><span class=\"vcex-heading-inner clr\">USER SUPPORT<\/span><\/h2><div class=\"vcex-module vcex-heading vcex-heading-plain\" style=\"color:#ffffff;font-size:30px;text-align:left;\"><span class=\"vcex-heading-inner clr\">Ask us your questions<\/span><\/div><div class=\"vcex-spacing\" style=\"height:30px\"><\/div>[vc_column_text text_align=&#8221;left&#8221; color=&#8221;#ffffff&#8221; font_size=&#8221;20&#8243;]<strong>Telephone:<\/strong>\u00a0974 246 913<br \/>\n<strong>Opening hours:<\/strong>\u00a010:00am to 1:00pm and 5:00pm to 7:00pm<\/p>\n<p><strong>You can send any comments to the following email addresses:<\/strong><\/p>\n<p><strong>IT support:<\/strong>\u00a0campusvirtual.aragoncf@mantia.es<br \/>\n<strong>Administrative management:<\/strong>\u00a0formacion@acfinnove.com<br \/>\n<strong>Training process:<\/strong>\u00a0formacion@acfinnove.com<br \/>\n<strong>Claims:<\/strong>\u00a0formacion@acfinnove.com<\/p>\n<p>Or fill in our online form.[\/vc_column_text][\/vc_column_inner][vc_column_inner width=&#8221;1\/3&#8243; css=&#8221;.vc_custom_1548261071136{padding-top: 20px !important;padding-right: 20px !important;padding-bottom: 20px !important;padding-left: 20px !important;background-color: #eb5d09 !important;}&#8221;]<script type=\"text\/javascript\">\n\/* <![CDATA[ *\/\nvar gform;gform||(document.addEventListener(\"gform_main_scripts_loaded\",function(){gform.scriptsLoaded=!0}),document.addEventListener(\"gform\/theme\/scripts_loaded\",function(){gform.themeScriptsLoaded=!0}),window.addEventListener(\"DOMContentLoaded\",function(){gform.domLoaded=!0}),gform={domLoaded:!1,scriptsLoaded:!1,themeScriptsLoaded:!1,isFormEditor:()=>\"function\"==typeof InitializeEditor,callIfLoaded:function(o){return!(!gform.domLoaded||!gform.scriptsLoaded||!gform.themeScriptsLoaded&&!gform.isFormEditor()||(gform.isFormEditor()&&console.warn(\"The use of gform.initializeOnLoaded() is deprecated in the form editor context and will be removed in Gravity Forms 3.1.\"),o(),0))},initializeOnLoaded:function(o){gform.callIfLoaded(o)||(document.addEventListener(\"gform_main_scripts_loaded\",()=>{gform.scriptsLoaded=!0,gform.callIfLoaded(o)}),document.addEventListener(\"gform\/theme\/scripts_loaded\",()=>{gform.themeScriptsLoaded=!0,gform.callIfLoaded(o)}),window.addEventListener(\"DOMContentLoaded\",()=>{gform.domLoaded=!0,gform.callIfLoaded(o)}))},hooks:{action:{},filter:{}},addAction:function(o,r,e,t){gform.addHook(\"action\",o,r,e,t)},addFilter:function(o,r,e,t){gform.addHook(\"filter\",o,r,e,t)},doAction:function(o){gform.doHook(\"action\",o,arguments)},applyFilters:function(o){return gform.doHook(\"filter\",o,arguments)},removeAction:function(o,r){gform.removeHook(\"action\",o,r)},removeFilter:function(o,r,e){gform.removeHook(\"filter\",o,r,e)},addHook:function(o,r,e,t,n){null==gform.hooks[o][r]&&(gform.hooks[o][r]=[]);var d=gform.hooks[o][r];null==n&&(n=r+\"_\"+d.length),gform.hooks[o][r].push({tag:n,callable:e,priority:t=null==t?10:t})},doHook:function(r,o,e){var t;if(e=Array.prototype.slice.call(e,1),null!=gform.hooks[r][o]&&((o=gform.hooks[r][o]).sort(function(o,r){return o.priority-r.priority}),o.forEach(function(o){\"function\"!=typeof(t=o.callable)&&(t=window[t]),\"action\"==r?t.apply(null,e):e[0]=t.apply(null,e)})),\"filter\"==r)return e[0]},removeHook:function(o,r,t,n){var e;null!=gform.hooks[o][r]&&(e=(e=gform.hooks[o][r]).filter(function(o,r,e){return!!(null!=n&&n!=o.tag||null!=t&&t!=o.priority)}),gform.hooks[o][r]=e)}});\n\/* ]]> *\/\n<\/script>\n\n                <div class='gf_browser_gecko gform_wrapper gform_legacy_markup_wrapper gform-theme--no-framework' data-form-theme='legacy' data-form-index='0' id='gform_wrapper_8' ><div id='gf_8' class='gform_anchor' tabindex='-1'><\/div><form method='post' enctype='multipart\/form-data' target='gform_ajax_frame_8' id='gform_8'  action='\/en\/wp-json\/wp\/v2\/pages\/7991#gf_8' data-formid='8' novalidate>\n                        <div class='gform-body gform_body'><ul id='gform_fields_8' class='gform_fields top_label form_sublabel_below description_below validation_below'><li id=\"field_8_6\" class=\"gfield gfield--type-html gfield_html gfield_html_formatted gfield_no_follows_desc field_sublabel_below gfield--no-description field_description_below field_validation_below gfield_visibility_visible\"  ><p style=\"letter-spacing: normal !important; margin: 10px 0 6px; text-align: center; font-family: lato; color: #fff; font-size: 35px; font-weight: 800;\">CONTACT<\/p><\/li><li id=\"field_8_1\" class=\"gfield gfield--type-text gfield_contains_required field_sublabel_below gfield--no-description field_description_below field_validation_below gfield_visibility_visible\"  ><label class='gfield_label gform-field-label screen-reader-text' for='input_8_1'>Full name<span class=\"gfield_required\"><span class=\"gfield_required gfield_required_asterisk\">*<\/span><\/span><\/label><div class='ginput_container ginput_container_text'><input name='input_1' id='input_8_1' type='text' value='' class='medium'    placeholder='Full name' aria-required=\"true\" aria-invalid=\"false\"   \/><\/div><\/li><li id=\"field_8_3\" class=\"gfield gfield--type-email gfield_contains_required field_sublabel_below gfield--no-description field_description_below field_validation_below gfield_visibility_visible\"  ><label class='gfield_label gform-field-label screen-reader-text' for='input_8_3'>E-mail<span class=\"gfield_required\"><span class=\"gfield_required gfield_required_asterisk\">*<\/span><\/span><\/label><div class='ginput_container ginput_container_email'>\n                            <input name='input_3' id='input_8_3' type='email' value='' class='medium'   placeholder='E-mail' aria-required=\"true\" aria-invalid=\"false\"  \/>\n                        <\/div><\/li><li id=\"field_8_7\" class=\"gfield gfield--type-text gfield_contains_required field_sublabel_below gfield--no-description field_description_below field_validation_below gfield_visibility_visible\"  ><label class='gfield_label gform-field-label screen-reader-text' for='input_8_7'>Subject<span class=\"gfield_required\"><span class=\"gfield_required gfield_required_asterisk\">*<\/span><\/span><\/label><div class='ginput_container ginput_container_text'><input name='input_7' id='input_8_7' type='text' value='' class='medium'    placeholder='Subject' aria-required=\"true\" aria-invalid=\"false\"   \/><\/div><\/li><li id=\"field_8_8\" class=\"gfield gfield--type-select gfield_contains_required field_sublabel_below gfield--no-description field_description_below field_validation_below gfield_visibility_visible\"  ><label class='gfield_label gform-field-label' for='input_8_8'>\u00bfCon qu\u00e9 departamento quieres hablar?<span class=\"gfield_required\"><span class=\"gfield_required gfield_required_asterisk\">*<\/span><\/span><\/label><div class='ginput_container ginput_container_select'><select name='input_8' id='input_8_8' class='medium gfield_select'    aria-required=\"true\" aria-invalid=\"false\" ><option value='INFORMATIC SUPPORT' >INFORMATIC SUPPORT<\/option><option value='ADMINISTRATIVE MANAGEMENT' >ADMINISTRATIVE MANAGEMENT<\/option><option value='TRAINING PROCESS' >TRAINING PROCESS<\/option><option value='CLAIMS' >CLAIMS<\/option><\/select><\/div><\/li><li id=\"field_8_5\" class=\"gfield gfield--type-textarea field_sublabel_below gfield--no-description field_description_below field_validation_below gfield_visibility_visible\"  ><label class='gfield_label gform-field-label screen-reader-text' for='input_8_5'>Message<\/label><div class='ginput_container ginput_container_textarea'><textarea name='input_5' id='input_8_5' class='textarea medium'    placeholder='Message'  aria-invalid=\"false\"   rows='10' cols='50'><\/textarea><\/div><\/li><li id=\"field_8_2\" class=\"gfield gfield--type-checkbox gfield--type-choice gfield_contains_required field_sublabel_below gfield--no-description field_description_below field_validation_below gfield_visibility_visible\"  ><label class='gfield_label gform-field-label screen-reader-text gfield_label_before_complex' ><span class=\"gfield_required\"><span class=\"gfield_required gfield_required_asterisk\">*<\/span><\/span><\/label><div class='ginput_container ginput_container_checkbox'><ul class='gfield_checkbox' id='input_8_2'><li class='gchoice gchoice_8_2_1'>\n\t\t\t\t\t\t\t\t<input class='gfield-choice-input' name='input_2.1' type='checkbox'  value='I have read and accept the &lt;strong&gt;&lt;a href=&quot;http:\/\/acfinnove.com\/politica-de-privacidad\/&quot; target=&quot;_blank&quot; style=&quot;text-decoration:none;color:#fff&quot;&gt;Privacy Policy&lt;\/strong&gt;&lt;\/a&gt;.'  id='choice_8_2_1'   \/>\n\t\t\t\t\t\t\t\t<label for='choice_8_2_1' id='label_8_2_1' class='gform-field-label gform-field-label--type-inline'>I have read and accept the <strong><a href=\"http:\/\/acfinnove.com\/politica-de-privacidad\/\" target=\"_blank\" style=\"text-decoration:none; color:#fff;\">Privacy Policy<\/strong><\/a>.<\/label>\n\t\t\t\t\t\t\t<\/li><\/ul><\/div><\/li><li id=\"field_8_9\" class=\"gfield gfield--type-html legalform gfield_html gfield_html_formatted gfield_no_follows_desc field_sublabel_below gfield--no-description field_description_below field_validation_below gfield_visibility_visible\"  ><span style=\"font-size: 10px; color:#fff; line-height: 10px; margin-bottom: -13px;\">Responsable: Identidad: ARAGON FORMACION ACF S.L - NIF:B22260863 Dir. postal:C\/CABESTANY, 11 ENTLO - 22005 Huesca Tel\u00e9fono: 974288760 Correo elect: info@acfinnove.com.\nEn nombre de la empresa tratamos la informaci\u00f3n que nos facilita con el fin de prestarles el servicio solicitado, realizar la facturaci\u00f3n del mismo. Los datos proporcionados se conservar\u00e1n mientras se mantenga la relaci\u00f3n comercial o durante los a\u00f1os necesarios para cumplir con las obligaciones legales. Los datos no se ceder\u00e1n a terceros salvo en los casos en que exista una obligaci\u00f3n legal. Usted tiene derecho a obtener confirmaci\u00f3n sobre si en ARAGON FORMACION ACF S.L estamos tratando sus datos personales por tanto tiene derecho a acceder a sus datos personales, rectificar los datos inexactos o solicitar su supresi\u00f3n cuando los datos ya no sean necesarios.\nAsimismo solicito su autorizaci\u00f3n para ofrecerle productos y servicios relacionados con los solicitados y fidelizarle como cliente.<\/span><\/li><li id=\"field_8_10\" class=\"gfield gfield--type-captcha field_sublabel_below gfield--no-description field_description_below field_validation_below gfield_visibility_visible\"  ><label class='gfield_label gform-field-label screen-reader-text' for='input_8_10'><\/label><div id='input_8_10' class='ginput_container ginput_recaptcha' data-sitekey='6LczQcwUAAAAAAWlzG6Z3fRHfYlzyDFmAf8ZvrzZ'  data-theme='light' data-tabindex='0'  data-badge=''><\/div><\/li><\/ul><\/div>\n        <div class='gform-footer gform_footer top_label'> <input type='submit' id='gform_submit_button_8' class='gform_button button' onclick='gform.submission.handleButtonClick(this);' data-submission-type='submit' value='SEND'  \/> <input type='hidden' name='gform_ajax' value='form_id=8&amp;title=&amp;description=&amp;tabindex=0&amp;theme=legacy&amp;styles=[]&amp;hash=5b62b6a7afc110063bb4001e51ff57ac' \/>\n            <input type='hidden' class='gform_hidden' name='gform_submission_method' data-js='gform_submission_method_8' value='iframe' \/>\n            <input type='hidden' class='gform_hidden' name='gform_theme' data-js='gform_theme_8' id='gform_theme_8' value='legacy' \/>\n            <input type='hidden' class='gform_hidden' name='gform_style_settings' data-js='gform_style_settings_8' id='gform_style_settings_8' value='[]' \/>\n            <input type='hidden' class='gform_hidden' name='is_submit_8' value='1' \/>\n            <input type='hidden' class='gform_hidden' name='gform_submit' value='8' \/>\n            \n            <input type='hidden' class='gform_hidden' name='gform_currency' data-currency='EUR' value='\/+i5DKst3ExM\/YcXveADnXPTBalYQlfRVrMNgT6pEocTc43\/kf+QlNmlxmBRTeuPCfraKf4tXhG\/yzrILX1PzDmGfseAMJRH+3HXnPSgO+asEjQ=' \/>\n            <input type='hidden' class='gform_hidden' name='gform_unique_id' value='' \/>\n            <input type='hidden' class='gform_hidden' name='state_8' value='WyJbXSIsIjdmNTc4ZGE5NzJkMzQ5YjlhYzllYjRiZTRhN2ZkZWY4Il0=' \/>\n            <input type='hidden' autocomplete='off' class='gform_hidden' name='gform_target_page_number_8' id='gform_target_page_number_8' value='0' \/>\n            <input type='hidden' autocomplete='off' class='gform_hidden' name='gform_source_page_number_8' id='gform_source_page_number_8' value='1' \/>\n            <input type='hidden' name='gform_field_values' value='' \/>\n            \n        <\/div>\n                        <\/form>\n                        <\/div>\n\t\t                <iframe style='display:none;width:0px;height:0px;' src='about:blank' name='gform_ajax_frame_8' id='gform_ajax_frame_8' title='This iframe contains the logic required to handle Ajax powered Gravity Forms.'><\/iframe>\n\t\t                <script type=\"text\/javascript\">\n\/* <![CDATA[ *\/\n gform.initializeOnLoaded( function() {gformInitSpinner( 8, 'https:\/\/acfinnove.com\/wp-content\/plugins\/gravityforms\/images\/spinner.svg', true );jQuery('#gform_ajax_frame_8').on('load',function(){var contents = jQuery(this).contents().find('*').html();var is_postback = contents.indexOf('GF_AJAX_POSTBACK') >= 0;if(!is_postback){return;}var form_content = jQuery(this).contents().find('#gform_wrapper_8');var is_confirmation = jQuery(this).contents().find('#gform_confirmation_wrapper_8').length > 0;var is_redirect = contents.indexOf('gformRedirect(){') >= 0;var is_form = form_content.length > 0 && ! is_redirect && ! is_confirmation;var mt = parseInt(jQuery('html').css('margin-top'), 10) + parseInt(jQuery('body').css('margin-top'), 10) + 100;if(is_form){jQuery('#gform_wrapper_8').html(form_content.html());if(form_content.hasClass('gform_validation_error')){jQuery('#gform_wrapper_8').addClass('gform_validation_error');} else {jQuery('#gform_wrapper_8').removeClass('gform_validation_error');}setTimeout( function() { \/* delay the scroll by 50 milliseconds to fix a bug in chrome *\/ jQuery(document).scrollTop(jQuery('#gform_wrapper_8').offset().top - mt); }, 50 );if(window['gformInitDatepicker']) {gformInitDatepicker();}if(window['gformInitPriceFields']) {gformInitPriceFields();}var current_page = jQuery('#gform_source_page_number_8').val();gformInitSpinner( 8, 'https:\/\/acfinnove.com\/wp-content\/plugins\/gravityforms\/images\/spinner.svg', true );jQuery(document).trigger('gform_page_loaded', [8, current_page]);window['gf_submitting_8'] = false;}else if(!is_redirect){var confirmation_content = jQuery(this).contents().find('.GF_AJAX_POSTBACK').html();if(!confirmation_content){confirmation_content = contents;}jQuery('#gform_wrapper_8').replaceWith(confirmation_content);jQuery(document).scrollTop(jQuery('#gf_8').offset().top - mt);jQuery(document).trigger('gform_confirmation_loaded', [8]);window['gf_submitting_8'] = false;wp.a11y.speak(jQuery('#gform_confirmation_message_8').text());}else{jQuery('#gform_8').append(contents);if(window['gformRedirect']) {gformRedirect();}}jQuery(document).trigger(\"gform_pre_post_render\", [{ formId: \"8\", currentPage: \"current_page\", abort: function() { this.preventDefault(); } }]);        if (event && event.defaultPrevented) {                return;        }        const gformWrapperDiv = document.getElementById( \"gform_wrapper_8\" );        if ( gformWrapperDiv ) {            const visibilitySpan = document.createElement( \"span\" );            visibilitySpan.id = \"gform_visibility_test_8\";            gformWrapperDiv.insertAdjacentElement( \"afterend\", visibilitySpan );        }        const visibilityTestDiv = document.getElementById( \"gform_visibility_test_8\" );        let postRenderFired = false;        function triggerPostRender() {            if ( postRenderFired ) {                return;            }            postRenderFired = true;            gform.core.triggerPostRenderEvents( 8, current_page );            if ( visibilityTestDiv ) {                visibilityTestDiv.parentNode.removeChild( visibilityTestDiv );            }        }        function debounce( func, wait, immediate ) {            var timeout;            return function() {                var context = this, args = arguments;                var later = function() {                    timeout = null;                    if ( !immediate ) func.apply( context, args );                };                var callNow = immediate && !timeout;                clearTimeout( timeout );                timeout = setTimeout( later, wait );                if ( callNow ) func.apply( context, args );            };        }        const debouncedTriggerPostRender = debounce( function() {            triggerPostRender();        }, 200 );        if ( visibilityTestDiv && visibilityTestDiv.offsetParent === null ) {            const observer = new MutationObserver( ( mutations ) => {                mutations.forEach( ( mutation ) => {                    if ( mutation.type === 'attributes' && visibilityTestDiv.offsetParent !== null ) {                        debouncedTriggerPostRender();                        observer.disconnect();                    }                });            });            observer.observe( document.body, {                attributes: true,                childList: false,                subtree: true,                attributeFilter: [ 'style', 'class' ],            });        } else {            triggerPostRender();        }    } );} ); \n\/* ]]> *\/\n<\/script>\n<div class=\"vcex-spacing\" style=\"height:30px\"><\/div>[\/vc_column_inner][\/vc_row_inner][\/vc_column][\/vc_row]\n<\/div>","protected":false},"excerpt":{"rendered":"<p>[vc_row full_width=&#8221;stretch_row&#8221; parallax_style=&#8221;vcpb-default&#8221; wpex_bg_overlay=&#8221;dark&#8221; bg_type=&#8221;image&#8221; bg_image_new=&#8221;id^946|url^http:\/\/acfinnove.com\/wp-content\/uploads\/2019\/01\/certificados-acf.jpg|caption^null|alt^null|title^certificados-acf|description^null&#8221; bg_image_repeat=&#8221;no-repeat&#8221; bg_override=&#8221;ex-full&#8221; wpex_bg_overlay_color=&#8221;#000000&#8243; wpex_bg_overlay_opacity=&#8221;0.25&#8243; min_height=&#8221;650&#8243;][vc_column][\/vc_column][\/vc_row][vc_row full_width=&#8221;stretch_row&#8221; css=&#8221;.vc_custom_1547632628501{background-color: #eaeaea !important;}&#8221;][vc_column][vc_row_inner gap=&#8221;10&#8243;][vc_column_inner width=&#8221;1\/6&#8243;][\/vc_column_inner][vc_column_inner width=&#8221;2\/3&#8243;][vc_column_text text_align=&#8221;center&#8221;]Using a method based on educational psychology, we provide first-rate training with all of the necessary technology, carefully-selected and prepared content and&hellip;<\/p>\n","protected":false},"author":1,"featured_media":0,"parent":0,"menu_order":0,"comment_status":"closed","ping_status":"closed","template":"","meta":{"_monsterinsights_skip_tracking":false,"_monsterinsights_sitenote_active":false,"_monsterinsights_sitenote_note":"","_monsterinsights_sitenote_category":0,"footnotes":""},"class_list":["post-7991","page","type-page","status-publish","hentry","entry","no-media"],"aioseo_notices":[],"_links":{"self":[{"href":"https:\/\/acfinnove.com\/en\/wp-json\/wp\/v2\/pages\/7991","targetHints":{"allow":["GET"]}}],"collection":[{"href":"https:\/\/acfinnove.com\/en\/wp-json\/wp\/v2\/pages"}],"about":[{"href":"https:\/\/acfinnove.com\/en\/wp-json\/wp\/v2\/types\/page"}],"author":[{"embeddable":true,"href":"https:\/\/acfinnove.com\/en\/wp-json\/wp\/v2\/users\/1"}],"replies":[{"embeddable":true,"href":"https:\/\/acfinnove.com\/en\/wp-json\/wp\/v2\/comments?post=7991"}],"version-history":[{"count":0,"href":"https:\/\/acfinnove.com\/en\/wp-json\/wp\/v2\/pages\/7991\/revisions"}],"wp:attachment":[{"href":"https:\/\/acfinnove.com\/en\/wp-json\/wp\/v2\/media?parent=7991"}],"curies":[{"name":"wp","href":"https:\/\/api.w.org\/{rel}","templated":true}]}}