{"id":7806,"date":"2019-01-16T12:49:14","date_gmt":"2019-01-16T12:49:14","guid":{"rendered":"https:\/\/acfinnove.com\/formacion\/formacion-transporte\/formacion-inicial\/estiba-de-cargas\/"},"modified":"2019-07-24T09:19:15","modified_gmt":"2019-07-24T09:19:15","slug":"estiba-de-cargas","status":"publish","type":"page","link":"https:\/\/acfinnove.com\/en\/cargo-stowage\/","title":{"rendered":"Cargo Stowage"},"content":{"rendered":"<div class=\"wpb-content-wrapper\">[vc_row full_width=&#8221;stretch_row&#8221; parallax_style=&#8221;vcpb-default&#8221; wpex_bg_overlay=&#8221;dark&#8221; bg_type=&#8221;image&#8221; bg_image_new=&#8221;id^820|url^http:\/\/acfinnove.com\/wp-content\/uploads\/2019\/01\/estiba-cargas.jpg|caption^null|alt^null|title^estiba-cargas|description^null&#8221; bg_image_repeat=&#8221;no-repeat&#8221; bg_override=&#8221;ex-full&#8221; wpex_bg_overlay_color=&#8221;#000000&#8243; wpex_bg_overlay_opacity=&#8221;0.25&#8243; min_height=&#8221;650&#8243;][vc_column]<div class=\"vcex-spacing\" style=\"height:50px\"><\/div><h1 class=\"vcex-module vcex-heading vcex-heading-plain\" style=\"color:#ffffff;font-family:Bree Serif;font-size:60px;\"><span class=\"vcex-heading-inner clr\">Cargo stowage course<\/span><\/h1><span class=\"vcex-module vcex-heading vcex-heading-plain vc_custom_1562575457306\" style=\"color:#ffffff;font-family:Bree Serif;font-size:30px;\"><span class=\"vcex-heading-inner clr\">In accordance with the latest regulation in this field, Standard 12195<\/span><\/span>[\/vc_column][\/vc_row][vc_row][vc_column width=&#8221;2\/3&#8243;]<nav class=\"vcex-breadcrumbs mayuscula\" style=\"color:#eb5d09;font-size:14px;font-family:Lato;\"><span class=\"trail-begin\"><a href=\"https:\/\/acfinnove.com\/en\/\" rel=\"home\"><span class=\"fa fa-home\"><\/span><span class=\"display-none\">Home<\/span><\/a><\/span><\/nav><div class=\"vcex-spacing\" style=\"height:40px\"><\/div><h2 class=\"vcex-module vcex-heading vcex-heading-plain vc_custom_1562575466757\" style=\"color:#000000;font-family:Lato;font-size:16px;\"><span class=\"vcex-heading-inner clr\">CARGO STOWAGE COURSE METHODOLODY<\/span><\/h2><div class=\"vcex-spacing\" style=\"height:20px\"><\/div>[vc_column_text]ACF offers different cargo stowage training courses, both e-learning and classroom-based.<\/p>\n<p>The e-learning courses are through the Instituto Telem\u00e1tico de Seguridad Industrial (ISTI), which specialises in on-line industrial safety training. This project is the fruit of a collaboration between Swiss multinational Spanset and Huesca-based company ACF Innove.[\/vc_column_text]<div class=\"vcex-spacing\" style=\"height:30px\"><\/div><h2 class=\"vcex-module vcex-heading vcex-heading-plain vc_custom_1562575490505\" style=\"color:#000000;font-family:Lato;font-size:16px;\"><span class=\"vcex-heading-inner clr\">CARGO STOWAGE COURSES<\/span><\/h2><div class=\"vcex-spacing\" style=\"height:20px\"><\/div>[vc_column_text]\n<ol>\n<li style=\"list-style-type: none;\">\n<ol>\n<li><span style=\"color: #eb5d09;\"><strong>E-learning course, 100 hours<\/strong>:<\/span> Targeted at managers who must have a high level of knowledge<strong>.<\/strong><\/li>\n<li><span style=\"color: #eb5d09;\"><strong>E-learning course, 35 hours:\u00a0<\/strong><\/span>shorter duration and designed for drivers or warehouse staff.<\/li>\n<li><span style=\"color: #eb5d09;\"><strong>Basic e-learning course, 8 hours: <\/strong><\/span>This option is targeted at drivers and warehouse staff and for trainees who do not need to perform calculations and who secure cargo under the guidance of third parties<\/li>\n<\/ol>\n<\/li>\n<\/ol>\n<p><strong>This system achieves three main goals:<\/strong><\/p>\n<ol>\n<li style=\"list-style-type: none;\">\n<ol>\n<li>Repeating and viewing the videos as many times as they like which reinforces the training over time and solves any questions and doubts that could arise anytime, anywhere.<\/li>\n<li>Giving a second chance to people who for one reason or another could not attend the training when it took place.<\/li>\n<li>The appropriate means to train new recruits.<\/li>\n<li>Does not require physical presence which solves the problem of managing certain groups.<\/li>\n<li>It can be newly-acquired additional training and additional training to refresh previous training.<\/li>\n<li>A space is created in a web environment to which new content can be added as it happens and for which managers can be given management and supervision roles, and it can be a collaborative space for stowage matters within the company.<\/li>\n<\/ol>\n<\/li>\n<\/ol>\n[\/vc_column_text]<div class=\"vcex-spacing\" style=\"height:30px\"><\/div><h3 class=\"vcex-module vcex-heading vcex-heading-plain vc_custom_1562575623462\" style=\"color:#000000;font-family:Lato;font-size:16px;\"><span class=\"vcex-heading-inner clr\">Observations about the training courses available<\/span><\/h3><div class=\"vcex-spacing\" style=\"height:20px\"><\/div>[vc_column_text]<strong>With all of the training options, both e-learning and classroom-based, at the end of the course and for the practical cases, students can download the ISTI app<\/strong>, which is a basic calculator for mobile phones and which they can use afterwards in their work. This calculator is not for sale because it is designed to add value to the training received.<\/p>\n<ol>\n<li><span style=\"color: #eb5d09;\"><strong>Classroom-based basic courses at the client\u2019s facilities, 8 hours for one day only. <\/strong><\/span><\/li>\n<\/ol>\n<p>There is the option of in-company training using the client\u2019s cargoes. In these cases we advise that those in senior positions have received on-line training previously. For everyone else -workers and drivers- it is basic skills-based training. (see scaling up and down in accordance with number of participants)<\/p>\n<ol start=\"2\">\n<li><span style=\"color: #eb5d09;\"><strong>Specific training pills <\/strong><\/span><\/li>\n<\/ol>\n<p>There are also training pills with video recordings using exclusive CLIENT cargoes. These training pills are created in situ using specific cargoes. The videos can be bought and managed by the client or stored in the ACF \/ ISTI platform. There is the option of translating them into different languages.[\/vc_column_text]<div class=\"vcex-spacing\" style=\"height:30px\"><\/div><div class=\"textcenter theme-button-expanded-wrap theme-button-wrap clr\"><a href=\"http:\/\/www.cursoestibacargas.com\/\" class=\"vcex-button theme-button outline white align-center expanded animate-on-hover expanded\" target=\"_blank\" style=\"background:#f7b231;padding:15px;color:#ffffff;border:1px;font-size:15px;font-weight:300;font-family:Bree Serif;border-color:#ffffff;\" data-wpex-hover='{\"background\":\"#dd8d13\"}'><span class=\"theme-button-inner\">MORE<\/span><\/a><\/div> <div class=\"vcex-spacing\" style=\"height:30px\"><\/div>[\/vc_column][vc_column width=&#8221;1\/3&#8243;][vc_row_inner css=&#8221;.vc_custom_1547458542239{padding-top: 20px !important;padding-right: 20px !important;padding-bottom: 20px !important;padding-left: 20px !important;background-color: #eb5d09 !important;}&#8221; el_class=&#8221;formulario&#8221;][vc_column_inner]<script type=\"text\/javascript\">\n\/* <![CDATA[ *\/\nvar gform;gform||(document.addEventListener(\"gform_main_scripts_loaded\",function(){gform.scriptsLoaded=!0}),document.addEventListener(\"gform\/theme\/scripts_loaded\",function(){gform.themeScriptsLoaded=!0}),window.addEventListener(\"DOMContentLoaded\",function(){gform.domLoaded=!0}),gform={domLoaded:!1,scriptsLoaded:!1,themeScriptsLoaded:!1,isFormEditor:()=>\"function\"==typeof InitializeEditor,callIfLoaded:function(o){return!(!gform.domLoaded||!gform.scriptsLoaded||!gform.themeScriptsLoaded&&!gform.isFormEditor()||(gform.isFormEditor()&&console.warn(\"The use of gform.initializeOnLoaded() is deprecated in the form editor context and will be removed in Gravity Forms 3.1.\"),o(),0))},initializeOnLoaded:function(o){gform.callIfLoaded(o)||(document.addEventListener(\"gform_main_scripts_loaded\",()=>{gform.scriptsLoaded=!0,gform.callIfLoaded(o)}),document.addEventListener(\"gform\/theme\/scripts_loaded\",()=>{gform.themeScriptsLoaded=!0,gform.callIfLoaded(o)}),window.addEventListener(\"DOMContentLoaded\",()=>{gform.domLoaded=!0,gform.callIfLoaded(o)}))},hooks:{action:{},filter:{}},addAction:function(o,r,e,t){gform.addHook(\"action\",o,r,e,t)},addFilter:function(o,r,e,t){gform.addHook(\"filter\",o,r,e,t)},doAction:function(o){gform.doHook(\"action\",o,arguments)},applyFilters:function(o){return gform.doHook(\"filter\",o,arguments)},removeAction:function(o,r){gform.removeHook(\"action\",o,r)},removeFilter:function(o,r,e){gform.removeHook(\"filter\",o,r,e)},addHook:function(o,r,e,t,n){null==gform.hooks[o][r]&&(gform.hooks[o][r]=[]);var d=gform.hooks[o][r];null==n&&(n=r+\"_\"+d.length),gform.hooks[o][r].push({tag:n,callable:e,priority:t=null==t?10:t})},doHook:function(r,o,e){var t;if(e=Array.prototype.slice.call(e,1),null!=gform.hooks[r][o]&&((o=gform.hooks[r][o]).sort(function(o,r){return o.priority-r.priority}),o.forEach(function(o){\"function\"!=typeof(t=o.callable)&&(t=window[t]),\"action\"==r?t.apply(null,e):e[0]=t.apply(null,e)})),\"filter\"==r)return e[0]},removeHook:function(o,r,t,n){var e;null!=gform.hooks[o][r]&&(e=(e=gform.hooks[o][r]).filter(function(o,r,e){return!!(null!=n&&n!=o.tag||null!=t&&t!=o.priority)}),gform.hooks[o][r]=e)}});\n\/* ]]> *\/\n<\/script>\n\n                <div class='gf_browser_gecko gform_wrapper gform_legacy_markup_wrapper gform-theme--no-framework' data-form-theme='legacy' data-form-index='0' id='gform_wrapper_7' ><div id='gf_7' class='gform_anchor' tabindex='-1'><\/div><form method='post' enctype='multipart\/form-data' target='gform_ajax_frame_7' id='gform_7'  action='\/en\/wp-json\/wp\/v2\/pages\/7806#gf_7' data-formid='7' novalidate>\n                        <div class='gform-body gform_body'><ul id='gform_fields_7' class='gform_fields top_label form_sublabel_below description_below validation_below'><li id=\"field_7_6\" class=\"gfield gfield--type-html gfield_html gfield_html_formatted gfield_no_follows_desc field_sublabel_below gfield--no-description field_description_below field_validation_below gfield_visibility_visible\"  ><p style=\"letter-spacing: normal !important; margin: 10px 0 6px; text-align: center; font-family: lato; color: #fff; font-size: 35px; font-weight: 800;\">FIND OUT MORE<\/p>\n\n<p style=\"font-weight: 400; display: block; width: calc(100% - 16px); margin-bottom: 0px; text-align: center; color: #fff; margin-top: -15px;\">with no obligations<\/p><\/li><li id=\"field_7_1\" class=\"gfield gfield--type-text gfield_contains_required field_sublabel_below gfield--no-description field_description_below field_validation_below gfield_visibility_visible\"  ><label class='gfield_label gform-field-label screen-reader-text' for='input_7_1'>Full name<span class=\"gfield_required\"><span class=\"gfield_required gfield_required_asterisk\">*<\/span><\/span><\/label><div class='ginput_container ginput_container_text'><input name='input_1' id='input_7_1' type='text' value='' class='medium'    placeholder='Full name' aria-required=\"true\" aria-invalid=\"false\"   \/><\/div><\/li><li id=\"field_7_3\" class=\"gfield gfield--type-email gfield_contains_required field_sublabel_below gfield--no-description field_description_below field_validation_below gfield_visibility_visible\"  ><label class='gfield_label gform-field-label screen-reader-text' for='input_7_3'>E-mail<span class=\"gfield_required\"><span class=\"gfield_required gfield_required_asterisk\">*<\/span><\/span><\/label><div class='ginput_container ginput_container_email'>\n                            <input name='input_3' id='input_7_3' type='email' value='' class='medium'   placeholder='E-mail' aria-required=\"true\" aria-invalid=\"false\"  \/>\n                        <\/div><\/li><li id=\"field_7_4\" class=\"gfield gfield--type-number gfield_contains_required field_sublabel_below gfield--no-description field_description_below field_validation_below gfield_visibility_visible\"  ><label class='gfield_label gform-field-label screen-reader-text' for='input_7_4'>Phone<span class=\"gfield_required\"><span class=\"gfield_required gfield_required_asterisk\">*<\/span><\/span><\/label><div class='ginput_container ginput_container_number'><input name='input_4' id='input_7_4' type='text' step='any'   value='' class='medium'    placeholder='Phone' aria-required=\"true\" aria-invalid=\"false\"  \/><\/div><\/li><li id=\"field_7_5\" class=\"gfield gfield--type-textarea field_sublabel_below gfield--no-description field_description_below field_validation_below gfield_visibility_visible\"  ><label class='gfield_label gform-field-label screen-reader-text' for='input_7_5'>Message<\/label><div class='ginput_container ginput_container_textarea'><textarea name='input_5' id='input_7_5' class='textarea medium'    placeholder='Message'  aria-invalid=\"false\"   rows='10' cols='50'><\/textarea><\/div><\/li><li id=\"field_7_2\" class=\"gfield gfield--type-checkbox gfield--type-choice gfield_contains_required field_sublabel_below gfield--no-description field_description_below field_validation_below gfield_visibility_visible\"  ><label class='gfield_label gform-field-label screen-reader-text gfield_label_before_complex' ><span class=\"gfield_required\"><span class=\"gfield_required gfield_required_asterisk\">*<\/span><\/span><\/label><div class='ginput_container ginput_container_checkbox'><ul class='gfield_checkbox' id='input_7_2'><li class='gchoice gchoice_7_2_1'>\n\t\t\t\t\t\t\t\t<input class='gfield-choice-input' name='input_2.1' type='checkbox'  value='I have read and accept the &lt;strong&gt;&lt;a href=&quot;http:\/\/acfinnove.com\/politica-de-privacidad\/&quot; target=&quot;_blank&quot; style=&quot;text-decoration:none;color:#fff&quot;&gt;Privacy Policy&lt;\/strong&gt;&lt;\/a&gt;.'  id='choice_7_2_1'   \/>\n\t\t\t\t\t\t\t\t<label for='choice_7_2_1' id='label_7_2_1' class='gform-field-label gform-field-label--type-inline'>I have read and accept the <strong><a href=\"http:\/\/acfinnove.com\/politica-de-privacidad\/\" target=\"_blank\" style=\"text-decoration:none; color:#fff;\">Privacy Policy<\/strong><\/a>.<\/label>\n\t\t\t\t\t\t\t<\/li><\/ul><\/div><\/li><li id=\"field_7_7\" class=\"gfield gfield--type-html legalform gfield_html gfield_html_formatted gfield_no_follows_desc field_sublabel_below gfield--no-description field_description_below field_validation_below gfield_visibility_visible\"  ><span style=\"font-size: 10px; color:#fff; line-height: 10px;\">Responsable: Identidad: ARAGON FORMACION ACF S.L - NIF:B22260863 Dir. postal:C\/CABESTANY, 11 ENTLO - 22005 Huesca Tel\u00e9fono: 974288760 Correo elect: info@acfinnove.com.\nEn nombre de la empresa tratamos la informaci\u00f3n que nos facilita con el fin de prestarles el servicio solicitado, realizar la facturaci\u00f3n del mismo. Los datos proporcionados se conservar\u00e1n mientras se mantenga la relaci\u00f3n comercial o durante los a\u00f1os necesarios para cumplir con las obligaciones legales. Los datos no se ceder\u00e1n a terceros salvo en los casos en que exista una obligaci\u00f3n legal. Usted tiene derecho a obtener confirmaci\u00f3n sobre si en ARAGON FORMACION ACF S.L estamos tratando sus datos personales por tanto tiene derecho a acceder a sus datos personales, rectificar los datos inexactos o solicitar su supresi\u00f3n cuando los datos ya no sean necesarios.\nAsimismo solicito su autorizaci\u00f3n para ofrecerle productos y servicios relacionados con los solicitados y fidelizarle como cliente.<\/span><\/li><li id=\"field_7_8\" class=\"gfield gfield--type-captcha field_sublabel_below gfield--no-description field_description_below field_validation_below gfield_visibility_visible\"  ><label class='gfield_label gform-field-label screen-reader-text' for='input_7_8'><\/label><div id='input_7_8' class='ginput_container ginput_recaptcha' data-sitekey='6LczQcwUAAAAAAWlzG6Z3fRHfYlzyDFmAf8ZvrzZ'  data-theme='light' data-tabindex='0'  data-badge=''><\/div><\/li><\/ul><\/div>\n        <div class='gform-footer gform_footer top_label'> <input type='submit' id='gform_submit_button_7' class='gform_button button' onclick='gform.submission.handleButtonClick(this);' data-submission-type='submit' value='KEEP ME UP-TO-DATE'  \/> <input type='hidden' name='gform_ajax' value='form_id=7&amp;title=&amp;description=&amp;tabindex=0&amp;theme=legacy&amp;styles=[]&amp;hash=16013bd37489994ec7ba5cb034a15ba8' \/>\n            <input type='hidden' class='gform_hidden' name='gform_submission_method' data-js='gform_submission_method_7' value='iframe' \/>\n            <input type='hidden' class='gform_hidden' name='gform_theme' data-js='gform_theme_7' id='gform_theme_7' value='legacy' \/>\n            <input type='hidden' class='gform_hidden' name='gform_style_settings' data-js='gform_style_settings_7' id='gform_style_settings_7' value='[]' \/>\n            <input type='hidden' class='gform_hidden' name='is_submit_7' value='1' \/>\n            <input type='hidden' class='gform_hidden' name='gform_submit' value='7' \/>\n            \n            <input type='hidden' class='gform_hidden' name='gform_currency' data-currency='EUR' value='WQtI4rYAVfhANx2E2w5iXVEbCB9EsTWUigV+X6PgmTUjpmJzCrm0K+Ykk2wJ1r0HN0ZjzKFou72kJSag8dMXjsuTvPqaUs6lUxkrySH4cM0XQ2g=' \/>\n            <input type='hidden' class='gform_hidden' name='gform_unique_id' value='' \/>\n            <input type='hidden' class='gform_hidden' name='state_7' value='WyJbXSIsIjdmNTc4ZGE5NzJkMzQ5YjlhYzllYjRiZTRhN2ZkZWY4Il0=' \/>\n            <input type='hidden' autocomplete='off' class='gform_hidden' name='gform_target_page_number_7' id='gform_target_page_number_7' value='0' \/>\n            <input type='hidden' autocomplete='off' class='gform_hidden' name='gform_source_page_number_7' id='gform_source_page_number_7' value='1' \/>\n            <input type='hidden' name='gform_field_values' value='' \/>\n            \n        <\/div>\n                        <\/form>\n                        <\/div>\n\t\t                <iframe style='display:none;width:0px;height:0px;' src='about:blank' name='gform_ajax_frame_7' id='gform_ajax_frame_7' title='This iframe contains the logic required to handle Ajax powered Gravity Forms.'><\/iframe>\n\t\t                <script type=\"text\/javascript\">\n\/* <![CDATA[ *\/\n gform.initializeOnLoaded( function() {gformInitSpinner( 7, 'https:\/\/acfinnove.com\/wp-content\/plugins\/gravityforms\/images\/spinner.svg', true );jQuery('#gform_ajax_frame_7').on('load',function(){var contents = jQuery(this).contents().find('*').html();var is_postback = contents.indexOf('GF_AJAX_POSTBACK') >= 0;if(!is_postback){return;}var form_content = jQuery(this).contents().find('#gform_wrapper_7');var is_confirmation = jQuery(this).contents().find('#gform_confirmation_wrapper_7').length > 0;var is_redirect = contents.indexOf('gformRedirect(){') >= 0;var is_form = form_content.length > 0 && ! is_redirect && ! is_confirmation;var mt = parseInt(jQuery('html').css('margin-top'), 10) + parseInt(jQuery('body').css('margin-top'), 10) + 100;if(is_form){jQuery('#gform_wrapper_7').html(form_content.html());if(form_content.hasClass('gform_validation_error')){jQuery('#gform_wrapper_7').addClass('gform_validation_error');} else {jQuery('#gform_wrapper_7').removeClass('gform_validation_error');}setTimeout( function() { \/* delay the scroll by 50 milliseconds to fix a bug in chrome *\/ jQuery(document).scrollTop(jQuery('#gform_wrapper_7').offset().top - mt); }, 50 );if(window['gformInitDatepicker']) {gformInitDatepicker();}if(window['gformInitPriceFields']) {gformInitPriceFields();}var current_page = jQuery('#gform_source_page_number_7').val();gformInitSpinner( 7, 'https:\/\/acfinnove.com\/wp-content\/plugins\/gravityforms\/images\/spinner.svg', true );jQuery(document).trigger('gform_page_loaded', [7, current_page]);window['gf_submitting_7'] = false;}else if(!is_redirect){var confirmation_content = jQuery(this).contents().find('.GF_AJAX_POSTBACK').html();if(!confirmation_content){confirmation_content = contents;}jQuery('#gform_wrapper_7').replaceWith(confirmation_content);jQuery(document).scrollTop(jQuery('#gf_7').offset().top - mt);jQuery(document).trigger('gform_confirmation_loaded', [7]);window['gf_submitting_7'] = false;wp.a11y.speak(jQuery('#gform_confirmation_message_7').text());}else{jQuery('#gform_7').append(contents);if(window['gformRedirect']) {gformRedirect();}}jQuery(document).trigger(\"gform_pre_post_render\", [{ formId: \"7\", currentPage: \"current_page\", abort: function() { this.preventDefault(); } }]);        if (event && event.defaultPrevented) {                return;        }        const gformWrapperDiv = document.getElementById( \"gform_wrapper_7\" );        if ( gformWrapperDiv ) {            const visibilitySpan = document.createElement( \"span\" );            visibilitySpan.id = \"gform_visibility_test_7\";            gformWrapperDiv.insertAdjacentElement( \"afterend\", visibilitySpan );        }        const visibilityTestDiv = document.getElementById( \"gform_visibility_test_7\" );        let postRenderFired = false;        function triggerPostRender() {            if ( postRenderFired ) {                return;            }            postRenderFired = true;            gform.core.triggerPostRenderEvents( 7, current_page );            if ( visibilityTestDiv ) {                visibilityTestDiv.parentNode.removeChild( visibilityTestDiv );            }        }        function debounce( func, wait, immediate ) {            var timeout;            return function() {                var context = this, args = arguments;                var later = function() {                    timeout = null;                    if ( !immediate ) func.apply( context, args );                };                var callNow = immediate && !timeout;                clearTimeout( timeout );                timeout = setTimeout( later, wait );                if ( callNow ) func.apply( context, args );            };        }        const debouncedTriggerPostRender = debounce( function() {            triggerPostRender();        }, 200 );        if ( visibilityTestDiv && visibilityTestDiv.offsetParent === null ) {            const observer = new MutationObserver( ( mutations ) => {                mutations.forEach( ( mutation ) => {                    if ( mutation.type === 'attributes' && visibilityTestDiv.offsetParent !== null ) {                        debouncedTriggerPostRender();                        observer.disconnect();                    }                });            });            observer.observe( document.body, {                attributes: true,                childList: false,                subtree: true,                attributeFilter: [ 'style', 'class' ],            });        } else {            triggerPostRender();        }    } );} ); \n\/* ]]> *\/\n<\/script>\n[\/vc_column_inner][\/vc_row_inner]<div class=\"vcex-spacing\" style=\"height:40px\"><\/div>[vc_single_image image=&#8221;579&#8243; img_size=&#8221;500&#215;800&#8243;]<div class=\"vcex-spacing\" style=\"height:40px\"><\/div>[\/vc_column][\/vc_row]\n<\/div>","protected":false},"excerpt":{"rendered":"<p>[vc_row full_width=&#8221;stretch_row&#8221; parallax_style=&#8221;vcpb-default&#8221; wpex_bg_overlay=&#8221;dark&#8221; bg_type=&#8221;image&#8221; bg_image_new=&#8221;id^820|url^http:\/\/acfinnove.com\/wp-content\/uploads\/2019\/01\/estiba-cargas.jpg|caption^null|alt^null|title^estiba-cargas|description^null&#8221; bg_image_repeat=&#8221;no-repeat&#8221; bg_override=&#8221;ex-full&#8221; wpex_bg_overlay_color=&#8221;#000000&#8243; wpex_bg_overlay_opacity=&#8221;0.25&#8243; min_height=&#8221;650&#8243;][vc_column][\/vc_column][\/vc_row][vc_row][vc_column width=&#8221;2\/3&#8243;][vc_column_text]ACF offers different cargo stowage training courses, both e-learning and classroom-based. The e-learning courses are through the Instituto Telem\u00e1tico de Seguridad Industrial (ISTI), which specialises in on-line industrial safety&hellip;<\/p>\n","protected":false},"author":1,"featured_media":0,"parent":7778,"menu_order":0,"comment_status":"closed","ping_status":"closed","template":"templates\/no-sidebar.php","meta":{"_monsterinsights_skip_tracking":false,"_monsterinsights_sitenote_active":false,"_monsterinsights_sitenote_note":"","_monsterinsights_sitenote_category":0,"footnotes":""},"class_list":["post-7806","page","type-page","status-publish","hentry","entry","no-media"],"aioseo_notices":[],"_links":{"self":[{"href":"https:\/\/acfinnove.com\/en\/wp-json\/wp\/v2\/pages\/7806","targetHints":{"allow":["GET"]}}],"collection":[{"href":"https:\/\/acfinnove.com\/en\/wp-json\/wp\/v2\/pages"}],"about":[{"href":"https:\/\/acfinnove.com\/en\/wp-json\/wp\/v2\/types\/page"}],"author":[{"embeddable":true,"href":"https:\/\/acfinnove.com\/en\/wp-json\/wp\/v2\/users\/1"}],"replies":[{"embeddable":true,"href":"https:\/\/acfinnove.com\/en\/wp-json\/wp\/v2\/comments?post=7806"}],"version-history":[{"count":0,"href":"https:\/\/acfinnove.com\/en\/wp-json\/wp\/v2\/pages\/7806\/revisions"}],"up":[{"embeddable":true,"href":"https:\/\/acfinnove.com\/en\/wp-json\/wp\/v2\/pages\/7778"}],"wp:attachment":[{"href":"https:\/\/acfinnove.com\/en\/wp-json\/wp\/v2\/media?parent=7806"}],"curies":[{"name":"wp","href":"https:\/\/api.w.org\/{rel}","templated":true}]}}